{"id":207,"date":"2023-07-20T02:19:32","date_gmt":"2023-07-20T02:19:32","guid":{"rendered":"https:\/\/demo.7iquid.tech\/basilico\/main\/?page_id=207"},"modified":"2023-07-20T02:19:32","modified_gmt":"2023-07-20T02:19:32","slug":"blog-full-width","status":"publish","type":"page","link":"https:\/\/restaurant.aerostar.ro\/en\/blog-full-width\/","title":{"rendered":"Blog full width"},"content":{"rendered":"<div data-elementor-type=\"wp-page\" data-elementor-id=\"207\" class=\"elementor elementor-207\">\n\t\t\t\t        <section class=\"elementor-section elementor-top-section elementor-element elementor-element-d550588 elementor-section-boxed elementor-section-height-default elementor-section-height-default pxl-section-static-pos-no pxl-section-overflow-hidden-no\" data-id=\"d550588\" data-element_type=\"section\" data-settings=\"{&quot;background_background&quot;:&quot;classic&quot;}\">\n\n                \n                <div class=\"elementor-container elementor-column-gap-default\">\n                <div class=\"elementor-column elementor-col-100 elementor-top-column elementor-element elementor-element-cbc442a pxl-column-element-default pxl-column-fullwidth-no\" data-id=\"cbc442a\" data-element_type=\"column\">\r\n        <div class=\"elementor-widget-wrap elementor-element-populated\">\r\n                    \t\t<div class=\"elementor-element elementor-element-1ff564c pxl-heading-align-center pxl-heading-layout-1 elementor-widget elementor-widget-pxl_heading\" data-id=\"1ff564c\" data-element_type=\"widget\" data-widget_type=\"pxl_heading.default\">\n\t\t\t\t<div class=\"elementor-widget-container\">\n\t\t\t\t\t<div class=\"pxl-heading-wrap d-flex layout1\">\n    <div class=\"pxl-heading-inner\">\n                            <div class=\"heading-subtitle highlighted style-1\">\n                <span class=\"subtitle-text\">Choose us your meal to be special<\/span>\n            <\/div>\n                <h3 class=\"heading-title pxl-split-text split-words-scale\">\n                        Subscribe to receive the latest news from us                    <\/h3>\n                    <div class=\"heading-description\">\n                <span>If you would like to stay connected and be the first to know about our news, events, and exclusive offers, please sign up for our newsletter. You can opt out at any time by clicking unsubscribe on the newsletter.<\/span>\n            <\/div>\n            <\/div>\n<\/div>\t\t\t\t<\/div>\n\t\t\t\t<\/div>\n\t\t        <section class=\"elementor-section elementor-inner-section elementor-element elementor-element-a20645a elementor-section-boxed elementor-section-height-default elementor-section-height-default pxl-section-static-pos-no pxl-section-overflow-hidden-no\" data-id=\"a20645a\" data-element_type=\"section\">\n\n                \n                <div class=\"elementor-container elementor-column-gap-no\">\n                <div class=\"elementor-column elementor-col-100 elementor-inner-column elementor-element elementor-element-6f2d0fb pxl-column-element-default pxl-column-fullwidth-no\" data-id=\"6f2d0fb\" data-element_type=\"column\">\r\n        <div class=\"elementor-widget-wrap elementor-element-populated\">\r\n                    \t\t<div class=\"elementor-element elementor-element-88a4fb7 elementor-widget elementor-widget-pxl_mailchimp\" data-id=\"88a4fb7\" data-element_type=\"widget\" data-widget_type=\"pxl_mailchimp.default\">\n\t\t\t\t<div class=\"elementor-widget-container\">\n\t\t\t\t\t\t<div class=\"pxl-mailchimp d-flex layout-1 style-2\">\n\t\t<div class=\"col\">\n\t\t\t\t<\/div>\n\t<\/div>\n\t\t\t\t<\/div>\n\t\t\t\t<\/div>\n\t\t                    <\/div>\r\n        <\/div>\r\n        \t\t\t<\/div>\n\t\t<\/section>\n\t\t                    <\/div>\r\n        <\/div>\r\n        \t\t\t<\/div>\n\t\t<\/section>\n\t\t        <section class=\"elementor-section elementor-top-section elementor-element elementor-element-14ffdd0 elementor-section-boxed elementor-section-height-default elementor-section-height-default pxl-section-static-pos-no pxl-section-overflow-hidden-no\" data-id=\"14ffdd0\" data-element_type=\"section\">\n\n                \n                <div class=\"elementor-container elementor-column-gap-default\">\n                <div class=\"elementor-column elementor-col-100 elementor-top-column elementor-element elementor-element-59397f5 pxl-column-element-default pxl-column-fullwidth-no\" data-id=\"59397f5\" data-element_type=\"column\">\r\n        <div class=\"elementor-widget-wrap elementor-element-populated\">\r\n                    \t\t<div class=\"elementor-element elementor-element-abc51ff elementor-widget elementor-widget-pxl_post_list\" data-id=\"abc51ff\" data-element_type=\"widget\" data-widget_type=\"pxl_post_list.default\">\n\t\t\t\t<div class=\"elementor-widget-container\">\n\t\t\t\t\t\n<div id=\"pxl_post_list-abc51ff-8830\" class=\"pxl-grid pxl-post-list layout-post-list-1\" data-layout-mode=\"fitRows\" data-start-page=\"1\" data-max-pages=\"1\" data-total=\"3\" data-perpage=\"6\" data-next-link=\"\">\n    \n    <div class=\"pxl-grid-inner pxl-grid-masonry row relative overflow-hidden animation-time\"> \n                <div class=\"grid-item col-xxl-12 col-xl-12 col-lg-12 col-md-12 col-sm-12 col-12\" >\n            <div class=\"grid-item-inner\">\n                                        <div class=\"item-featured\">\n                            <div class=\"post-image\">\n                                <a href=\"https:\/\/restaurant.aerostar.ro\/en\/orice-eveniment-sarbatoare-a-gustului\/\"><img loading=\"lazy\" decoding=\"async\" class=\"no-lazyload\" src=\"https:\/\/restaurant.aerostar.ro\/wp-content\/uploads\/2026\/01\/DSC_2320-1-scaled-1170x549.jpg\" width=\"1170\" height=\"549\" alt=\"DSC_2320\" title=\"DSC_2320\" \/><\/a>\n                                                                    <div class=\"post-date\">\n                                        <div class=\"post-day\">\n                                            23                                        <\/div>\n                                        <div class=\"post-month-year\">\n                                            Jan 26                                        <\/div>\n                                    <\/div>\n                                                        <\/div>\n                    <\/div>\n                                    <div class=\"item-content row\">\n                    <div class=\"item-left col-md-7 col-xl-8\">\n                        <h3 class=\"item-title\"><a href=\"https:\/\/restaurant.aerostar.ro\/en\/orice-eveniment-sarbatoare-a-gustului\/\">Orice eveniment este o sarbatoare a gustului<\/a><\/h3>\n                                                    <div class=\"pxl-divider\"><\/div>\n                            <div class=\"item-excerpt\">\n                                La Restaurantul Aerostar, fiecare eveniment devine o s\u0103rb\u0103toare a gustului. V\u0103 a\u0219tept\u0103m cu preparate preg\u0103tite cu grij\u0103, varietate pentru toate preferin\u021bele \u0219i prezentare impecabil. Preg\u0103tim platouri aperitive cu gust\u0103ri calde \u0219i reci pentru orice eveniment.&hellip;                            <\/div>\n                                                            <div class=\"item-readmore pxl-button-wrapper\">\n                                    <a class=\"btn btn-outline-secondary\" href=\"https:\/\/restaurant.aerostar.ro\/en\/orice-eveniment-sarbatoare-a-gustului\/\">\n                                        <span>Continue reading<\/span>\n                                    <\/a>\n                                <\/div>\n                                                                        <\/div>\n                    <div class=\"item-right col-md-5 col-xl-4\">\n                                                    <div class=\"post-metas\">\n                                <div class=\"meta-inner\">\n                                                                            <span class=\"post-author\">\n                                            <span class=\"label\">Written By&nbsp;<a href=\"https:\/\/restaurant.aerostar.ro\/en\/author\/admin\/\">admin<\/a><\/span>\n                                        <\/span>\n                                                                                                            <span class=\"post-tags\">\n                                        <span class=\"label\">TAGS:<\/span>\n                                                                            <\/span>\n                                                                            <span class=\"post-comments\">\n                                            <span class=\"label\">COMMENTS:<\/span>\n                                            <a href=\"https:\/\/restaurant.aerostar.ro\/en\/orice-eveniment-sarbatoare-a-gustului\/#respond\">\n                                                <span>No Comments<\/span>\n                                            <\/a>\n                                        <\/span>\n                                                                                                            <span class=\"post-share\">\n                                        <span class=\"label\">SHARE:<\/span>\n                                                    <div class=\"post-shares d-flex align-items-center\">\n                <span class=\"label\">Share 1:<\/span>\n                <div class=\"social-share\">\n                    <div class=\"d-flex\">\n                                                    <div class=\"social-item\">\n                                <a class=\"pxl-icon icon-facebook pxli-facebook-f\" title=\"Facebook\" target=\"_blank\" href=\"https:\/\/www.facebook.com\/sharer\/sharer.php?u=https%3A%2F%2Frestaurant.aerostar.ro%2Fen%2Forice-eveniment-sarbatoare-a-gustului%2F\"><\/a>\n                            <\/div>\n                                                                                                    <div class=\"social-item\">\n                                <a class=\"pxl-icon icon-linkedin pxli-linkedin-in\" title=\"Linkedin\" target=\"_blank\" href=\"https:\/\/www.linkedin.com\/cws\/share?url=https%3A%2F%2Frestaurant.aerostar.ro%2Fen%2Forice-eveniment-sarbatoare-a-gustului%2F\"><\/a>\n                            <\/div>\n                                                                            <div class=\"social-item\">\n                                <a class=\"pxl-icon icon-pinterest pxli-pinterest-p\" title=\"Pinterest\" target=\"_blank\" href=\"https:\/\/pinterest.com\/pin\/create\/button\/?url=https%3A%2F%2Frestaurant.aerostar.ro%2Fwp-content%2Fuploads%2F2026%2F01%2FDSC_2320-1-scaled.jpg&media=&description=Orice+eveniment+este+o+sarbatoare+a+gustului\"><\/a>\n                            <\/div>\n                                            <\/div>\n                <\/div>\n            <\/div>\n                                            <\/span>\n                                                                    <\/div>\n                            <\/div>\n                                                <\/div>\n                <\/div>\n                        <\/div>\n    <\/div>\n            <div class=\"grid-item col-xxl-12 col-xl-12 col-lg-12 col-md-12 col-sm-12 col-12\" >\n            <div class=\"grid-item-inner\">\n                                        <div class=\"item-featured\">\n                            <div class=\"post-image\">\n                                <a href=\"https:\/\/restaurant.aerostar.ro\/en\/7429-2\/\"><img loading=\"lazy\" decoding=\"async\" class=\"no-lazyload\" src=\"https:\/\/restaurant.aerostar.ro\/wp-content\/uploads\/2026\/01\/eve-1170x549.jpg\" width=\"1170\" height=\"549\" alt=\"eve\" title=\"eve\" \/><\/a>\n                                                                    <div class=\"post-date\">\n                                        <div class=\"post-day\">\n                                            02                                        <\/div>\n                                        <div class=\"post-month-year\">\n                                            Dec 25                                        <\/div>\n                                    <\/div>\n                                                        <\/div>\n                    <\/div>\n                                    <div class=\"item-content row\">\n                    <div class=\"item-left col-md-7 col-xl-8\">\n                        <h3 class=\"item-title\"><a href=\"https:\/\/restaurant.aerostar.ro\/en\/7429-2\/\">Discounturi Speciale<\/a><\/h3>\n                                                    <div class=\"pxl-divider\"><\/div>\n                            <div class=\"item-excerpt\">\n                                Restaurant Aerostar \u2013 discounturi speciale! Rezerv\u0103 data dorit\u0103 p\u00e2n\u0103 \u00een DECEMBRIE 2025 pentru minimum 100 de persoane \u0219i prime\u0219ti discounturi speciale! Te a\u0219tept\u0103m pe Strada Condorilor nr. 9, Bac\u0103u! Rezervari \u0219i informa\u021bii: 0743 161 512&hellip;                            <\/div>\n                                                            <div class=\"item-readmore pxl-button-wrapper\">\n                                    <a class=\"btn btn-outline-secondary\" href=\"https:\/\/restaurant.aerostar.ro\/en\/7429-2\/\">\n                                        <span>Continue reading<\/span>\n                                    <\/a>\n                                <\/div>\n                                                                        <\/div>\n                    <div class=\"item-right col-md-5 col-xl-4\">\n                                                    <div class=\"post-metas\">\n                                <div class=\"meta-inner\">\n                                                                            <span class=\"post-author\">\n                                            <span class=\"label\">Written By&nbsp;<a href=\"https:\/\/restaurant.aerostar.ro\/en\/author\/admin\/\">admin<\/a><\/span>\n                                        <\/span>\n                                                                                                            <span class=\"post-tags\">\n                                        <span class=\"label\">TAGS:<\/span>\n                                                                            <\/span>\n                                                                            <span class=\"post-comments\">\n                                            <span class=\"label\">COMMENTS:<\/span>\n                                            <a href=\"https:\/\/restaurant.aerostar.ro\/en\/7429-2\/#respond\">\n                                                <span>No Comments<\/span>\n                                            <\/a>\n                                        <\/span>\n                                                                                                            <span class=\"post-share\">\n                                        <span class=\"label\">SHARE:<\/span>\n                                                    <div class=\"post-shares d-flex align-items-center\">\n                <span class=\"label\">Share:<\/span>\n                <div class=\"social-share\">\n                    <div class=\"d-flex\">\n                                                    <div class=\"social-item\">\n                                <a class=\"pxl-icon icon-facebook pxli-facebook-f\" title=\"Facebook\" target=\"_blank\" href=\"https:\/\/www.facebook.com\/sharer\/sharer.php?u=https%3A%2F%2Frestaurant.aerostar.ro%2Fen%2F7429-2%2F\"><\/a>\n                            <\/div>\n                                                                                                    <div class=\"social-item\">\n                                <a class=\"pxl-icon icon-linkedin pxli-linkedin-in\" title=\"Linkedin\" target=\"_blank\" href=\"https:\/\/www.linkedin.com\/cws\/share?url=https%3A%2F%2Frestaurant.aerostar.ro%2Fen%2F7429-2%2F\"><\/a>\n                            <\/div>\n                                                                            <div class=\"social-item\">\n                                <a class=\"pxl-icon icon-pinterest pxli-pinterest-p\" title=\"Pinterest\" target=\"_blank\" href=\"https:\/\/pinterest.com\/pin\/create\/button\/?url=https%3A%2F%2Frestaurant.aerostar.ro%2Fwp-content%2Fuploads%2F2026%2F01%2Feve.jpg&media=&description=Discounturi+Speciale\"><\/a>\n                            <\/div>\n                                            <\/div>\n                <\/div>\n            <\/div>\n                                            <\/span>\n                                                                    <\/div>\n                            <\/div>\n                                                <\/div>\n                <\/div>\n                        <\/div>\n    <\/div>\n            <div class=\"grid-item col-xxl-12 col-xl-12 col-lg-12 col-md-12 col-sm-12 col-12\" >\n            <div class=\"grid-item-inner\">\n                                        <div class=\"item-featured\">\n                            <div class=\"post-image\">\n                                <a href=\"https:\/\/restaurant.aerostar.ro\/en\/food-is-the-foundation-of-true-happiness\/\"><img loading=\"lazy\" decoding=\"async\" class=\"no-lazyload\" src=\"https:\/\/restaurant.aerostar.ro\/wp-content\/uploads\/2026\/01\/DSC_8893-scaled-1170x549.jpg\" width=\"1170\" height=\"549\" alt=\"DSC_8893\" title=\"DSC_8893\" \/><\/a>\n                                                                    <div class=\"post-date\">\n                                        <div class=\"post-day\">\n                                            05                                        <\/div>\n                                        <div class=\"post-month-year\">\n                                            Oct 22                                        <\/div>\n                                    <\/div>\n                                                        <\/div>\n                    <\/div>\n                                    <div class=\"item-content row\">\n                    <div class=\"item-left col-md-7 col-xl-8\">\n                        <h3 class=\"item-title\"><a href=\"https:\/\/restaurant.aerostar.ro\/en\/food-is-the-foundation-of-true-happiness\/\">Restaurantul Aerostar<\/a><\/h3>\n                                                    <div class=\"pxl-divider\"><\/div>\n                            <div class=\"item-excerpt\">\n                                Restaurant Aerostar \u2013 locul unde evenimentele devin amintiri de neuitat!Fie c\u0103 este vorba despre o nunt\u0103, un botez, o aniversare sau un eveniment corporate, la Restaurant Aerostar fiecare moment prinde via\u021b\u0103 \u00eentr-un decor elegant \u0219i&hellip;                            <\/div>\n                                                            <div class=\"item-readmore pxl-button-wrapper\">\n                                    <a class=\"btn btn-outline-secondary\" href=\"https:\/\/restaurant.aerostar.ro\/en\/food-is-the-foundation-of-true-happiness\/\">\n                                        <span>Continue reading<\/span>\n                                    <\/a>\n                                <\/div>\n                                                                        <\/div>\n                    <div class=\"item-right col-md-5 col-xl-4\">\n                                                    <div class=\"post-metas\">\n                                <div class=\"meta-inner\">\n                                                                            <span class=\"post-author\">\n                                            <span class=\"label\">Written By&nbsp;<a href=\"https:\/\/restaurant.aerostar.ro\/en\/author\/admin\/\">admin<\/a><\/span>\n                                        <\/span>\n                                                                                                            <span class=\"post-tags\">\n                                        <span class=\"label\">TAGS:<\/span>\n                                        <a href=\"https:\/\/restaurant.aerostar.ro\/en\/tag\/restaurant\/\">Restaurant<\/a>                                    <\/span>\n                                                                            <span class=\"post-comments\">\n                                            <span class=\"label\">COMMENTS:<\/span>\n                                            <a href=\"https:\/\/restaurant.aerostar.ro\/en\/food-is-the-foundation-of-true-happiness\/#respond\">\n                                                <span>No Comments<\/span>\n                                            <\/a>\n                                        <\/span>\n                                                                                                            <span class=\"post-share\">\n                                        <span class=\"label\">SHARE:<\/span>\n                                                    <div class=\"post-shares d-flex align-items-center\">\n                <span class=\"label\">Share 2:<\/span>\n                <div class=\"social-share\">\n                    <div class=\"d-flex\">\n                                                    <div class=\"social-item\">\n                                <a class=\"pxl-icon icon-facebook pxli-facebook-f\" title=\"Facebook\" target=\"_blank\" href=\"https:\/\/www.facebook.com\/sharer\/sharer.php?u=https%3A%2F%2Frestaurant.aerostar.ro%2Fen%2Ffood-is-the-foundation-of-true-happiness%2F\"><\/a>\n                            <\/div>\n                                                                                                    <div class=\"social-item\">\n                                <a class=\"pxl-icon icon-linkedin pxli-linkedin-in\" title=\"Linkedin\" target=\"_blank\" href=\"https:\/\/www.linkedin.com\/cws\/share?url=https%3A%2F%2Frestaurant.aerostar.ro%2Fen%2Ffood-is-the-foundation-of-true-happiness%2F\"><\/a>\n                            <\/div>\n                                                                            <div class=\"social-item\">\n                                <a class=\"pxl-icon icon-pinterest pxli-pinterest-p\" title=\"Pinterest\" target=\"_blank\" href=\"https:\/\/pinterest.com\/pin\/create\/button\/?url=https%3A%2F%2Frestaurant.aerostar.ro%2Fwp-content%2Fuploads%2F2026%2F01%2FDSC_8893-scaled.jpg&media=&description=Restaurantul+Aerostar\"><\/a>\n                            <\/div>\n                                            <\/div>\n                <\/div>\n            <\/div>\n                                            <\/span>\n                                                                    <\/div>\n                            <\/div>\n                                                <\/div>\n                <\/div>\n                        <\/div>\n    <\/div>\n        <\/div>\n    \n\n            <div class=\"pxl-grid-pagination d-flex\" data-loadmore=\"{&quot;tax&quot;:[&quot;category&quot;],&quot;post_type&quot;:&quot;post&quot;,&quot;layout&quot;:&quot;post-list-1&quot;,&quot;select_post_by&quot;:&quot;term_selected&quot;,&quot;layout_mode&quot;:&quot;fitRows&quot;,&quot;filter&quot;:&quot;false&quot;,&quot;startPage&quot;:1,&quot;maxPages&quot;:1,&quot;total&quot;:3,&quot;perpage&quot;:&quot;6&quot;,&quot;nextLink&quot;:&quot;&quot;,&quot;source&quot;:&quot;&quot;,&quot;post_ids&quot;:[],&quot;orderby&quot;:&quot;date&quot;,&quot;order&quot;:&quot;desc&quot;,&quot;limit&quot;:&quot;6&quot;,&quot;item_animation&quot;:&quot;&quot;,&quot;item_animation_duration&quot;:&quot;normal&quot;,&quot;item_animation_delay&quot;:&quot;150&quot;,&quot;col_xs&quot;:&quot;1&quot;,&quot;col_sm&quot;:&quot;1&quot;,&quot;col_md&quot;:&quot;1&quot;,&quot;col_lg&quot;:&quot;1&quot;,&quot;col_xl&quot;:&quot;1&quot;,&quot;col_xxl&quot;:&quot;1&quot;,&quot;img_size&quot;:&quot;1170x549&quot;,&quot;show_date&quot;:&quot;true&quot;,&quot;show_category&quot;:&quot;true&quot;,&quot;show_author&quot;:&quot;true&quot;,&quot;show_comment&quot;:&quot;true&quot;,&quot;show_excerpt&quot;:&quot;true&quot;,&quot;num_words&quot;:35,&quot;show_button&quot;:&quot;true&quot;,&quot;button_text&quot;:&quot;&quot;}\" data-query=\"{&quot;post_type&quot;:&quot;post&quot;,&quot;post_status&quot;:&quot;publish&quot;,&quot;posts_per_page&quot;:6,&quot;order&quot;:&quot;desc&quot;,&quot;orderby&quot;:&quot;date&quot;,&quot;tax_query&quot;:{&quot;relation&quot;:&quot;OR&quot;},&quot;post__not_in&quot;:[207]}\">\n                    <\/div>\n        <\/div>\t\t\t\t<\/div>\n\t\t\t\t<\/div>\n\t\t                    <\/div>\r\n        <\/div>\r\n        \t\t\t<\/div>\n\t\t<\/section>\n\t\t\t\t<\/div>","protected":false},"excerpt":{"rendered":"<p>Choose us your meal to be special Subscribe to receive the latest news from us If you would like to stay connected and be the first to know about our news, events, and exclusive offers, please sign up for our newsletter. You can opt out at any time by clicking unsubscribe on the newsletter. Leave [&hellip;]<\/p>","protected":false},"author":1,"featured_media":0,"parent":0,"menu_order":0,"comment_status":"closed","ping_status":"closed","template":"","meta":{"footnotes":""},"class_list":["post-207","page","type-page","status-publish","hentry"],"_links":{"self":[{"href":"https:\/\/restaurant.aerostar.ro\/en\/wp-json\/wp\/v2\/pages\/207","targetHints":{"allow":["GET"]}}],"collection":[{"href":"https:\/\/restaurant.aerostar.ro\/en\/wp-json\/wp\/v2\/pages"}],"about":[{"href":"https:\/\/restaurant.aerostar.ro\/en\/wp-json\/wp\/v2\/types\/page"}],"author":[{"embeddable":true,"href":"https:\/\/restaurant.aerostar.ro\/en\/wp-json\/wp\/v2\/users\/1"}],"replies":[{"embeddable":true,"href":"https:\/\/restaurant.aerostar.ro\/en\/wp-json\/wp\/v2\/comments?post=207"}],"version-history":[{"count":0,"href":"https:\/\/restaurant.aerostar.ro\/en\/wp-json\/wp\/v2\/pages\/207\/revisions"}],"wp:attachment":[{"href":"https:\/\/restaurant.aerostar.ro\/en\/wp-json\/wp\/v2\/media?parent=207"}],"curies":[{"name":"wp","href":"https:\/\/api.w.org\/{rel}","templated":true}]}}