{"id":583,"date":"2023-08-07T06:41:03","date_gmt":"2023-08-07T06:41:03","guid":{"rendered":"https:\/\/demo.7iquid.tech\/basilico\/main\/?page_id=583"},"modified":"2023-08-07T06:41:03","modified_gmt":"2023-08-07T06:41:03","slug":"testimonials","status":"publish","type":"page","link":"https:\/\/restaurant.aerostar.ro\/en\/testimonials\/","title":{"rendered":"Testimonials"},"content":{"rendered":"<div data-elementor-type=\"wp-page\" data-elementor-id=\"583\" class=\"elementor elementor-583\">\n\t\t\t\t        <section class=\"elementor-section elementor-top-section elementor-element elementor-element-e458dd5 elementor-section-full_width elementor-section-height-default elementor-section-height-default pxl-section-offset-none pxl-section-static-pos-no pxl-section-overflow-hidden-no\" data-id=\"e458dd5\" data-element_type=\"section\" data-settings=\"{&quot;background_background&quot;:&quot;classic&quot;}\">\n\n                \n                <div class=\"elementor-container elementor-column-gap-default\">\n                <div class=\"elementor-column elementor-col-33 elementor-top-column elementor-element elementor-element-822f0c3 pxl-column-element-default pxl-column-fullwidth-no\" data-id=\"822f0c3\" data-element_type=\"column\" data-settings=\"{&quot;background_background&quot;:&quot;classic&quot;}\">\r\n        <div class=\"elementor-widget-wrap elementor-element-populated\">\r\n                    \t\t<div class=\"elementor-element elementor-element-91ff4ba elementor-widget elementor-widget-spacer\" data-id=\"91ff4ba\" data-element_type=\"widget\" data-widget_type=\"spacer.default\">\n\t\t\t\t\t\t\t<div class=\"elementor-spacer\">\n\t\t\t<div class=\"elementor-spacer-inner\"><\/div>\n\t\t<\/div>\n\t\t\t\t\t\t<\/div>\n\t\t                    <\/div>\r\n        <\/div>\r\n                <div class=\"elementor-column elementor-col-33 elementor-top-column elementor-element elementor-element-dd1347a pxl-column-element-default pxl-column-fullwidth-no\" data-id=\"dd1347a\" data-element_type=\"column\">\r\n        <div class=\"elementor-widget-wrap elementor-element-populated\">\r\n                    \t\t<div class=\"elementor-element elementor-element-5996e01 elementor-widget elementor-widget-image\" data-id=\"5996e01\" data-element_type=\"widget\" data-widget_type=\"image.default\">\n\t\t\t\t\t\t\t\t\t\t\t\t\t\t\t<img decoding=\"async\" width=\"86\" height=\"81\" src=\"https:\/\/restaurant.aerostar.ro\/wp-content\/uploads\/2023\/08\/trip-advisor1.png\" class=\"attachment-thumbnail size-thumbnail wp-image-614\" alt=\"Basilico\" \/>\t\t\t\t\t\t\t\t\t\t\t\t\t\t\t<\/div>\n\t\t\t\t<div class=\"elementor-element elementor-element-2f9bca0 pxl-heading-align-center pxl-heading-layout-1 elementor-widget elementor-widget-pxl_heading\" data-id=\"2f9bca0\" data-element_type=\"widget\" data-widget_type=\"pxl_heading.default\">\n\t\t\t\t<div class=\"elementor-widget-container\">\n\t\t\t\t\t<div class=\"pxl-heading-wrap d-flex layout1\">\n    <div class=\"pxl-heading-inner\">\n                        <h2 class=\"heading-title pxl-split-text split-words-scale\">\n                        WHY OUR CUSTOMERS LOVE US                    <\/h2>\n                    <div class=\"heading-description\">\n                <span>Nullam rutrum purus sed est pulvinar, eu finibus nunc efficitur. Aenean dictum ante sit amet ante accumsan placerat. Fusce a sapien urna. Phasellus ullamcorper ornare libero, in porta mauris sodales suscipit. Ut sit amet magna ut eros dignissim suscipit sit amet eu dolor. Sed eu sem eu ipsum sodales mattis.<\/span>\n            <\/div>\n            <\/div>\n<\/div>\t\t\t\t<\/div>\n\t\t\t\t<\/div>\n\t\t\t\t<div class=\"elementor-element elementor-element-8672012 elementor-align-center animated-fast elementor-invisible pxl-elementor-animate elementor-widget elementor-widget-pxl_button\" data-id=\"8672012\" data-element_type=\"widget\" data-settings=\"{&quot;_animation&quot;:&quot;zoomIn&quot;}\" data-widget_type=\"pxl_button.default\">\n\t\t\t\t<div class=\"elementor-widget-container\">\n\t\t\t\t\t<div id=\"pxl_button-8672012-5951\" class=\"pxl-button-wrapper d-flex pxl-button-layout1\">\n    <a href=\"https:\/\/restaurant.aerostar.ro\/en\/despre-noi\/\" class=\"btn btn-outline-secondary icon-ps-right\">\n                <span class=\"pxl-button-text\" data-text=\"write a review about us\">write a review about us<\/span>\n            <\/a>\n<\/div>\t\t\t\t<\/div>\n\t\t\t\t<\/div>\n\t\t                    <\/div>\r\n        <\/div>\r\n                <div class=\"elementor-column elementor-col-33 elementor-top-column elementor-element elementor-element-35ba31a pxl-column-element-default pxl-column-fullwidth-no\" data-id=\"35ba31a\" data-element_type=\"column\" data-settings=\"{&quot;background_background&quot;:&quot;classic&quot;}\">\r\n        <div class=\"elementor-widget-wrap elementor-element-populated\">\r\n                    \t\t<div class=\"elementor-element elementor-element-587f337 elementor-widget elementor-widget-spacer\" data-id=\"587f337\" data-element_type=\"widget\" data-widget_type=\"spacer.default\">\n\t\t\t\t\t\t\t<div class=\"elementor-spacer\">\n\t\t\t<div class=\"elementor-spacer-inner\"><\/div>\n\t\t<\/div>\n\t\t\t\t\t\t<\/div>\n\t\t                    <\/div>\r\n        <\/div>\r\n        \t\t\t<\/div>\n\t\t<\/section>\n\t\t        <section class=\"elementor-section elementor-top-section elementor-element elementor-element-85f4163 elementor-section-boxed elementor-section-height-default elementor-section-height-default pxl-section-static-pos-no pxl-section-overflow-hidden-no\" data-id=\"85f4163\" data-element_type=\"section\">\n\n                \n                <div class=\"elementor-container elementor-column-gap-default\">\n                <div class=\"elementor-column elementor-col-100 elementor-top-column elementor-element elementor-element-3339058 pxl-column-element-default pxl-column-fullwidth-no\" data-id=\"3339058\" data-element_type=\"column\">\r\n        <div class=\"elementor-widget-wrap elementor-element-populated\">\r\n                    \t\t<div class=\"elementor-element elementor-element-85da559 pxl-testimonial-carousel-layout-1 elementor-widget elementor-widget-pxl_testimonial_carousel\" data-id=\"85da559\" data-element_type=\"widget\" data-widget_type=\"pxl_testimonial_carousel.default\">\n\t\t\t\t<div class=\"elementor-widget-container\">\n\t\t\t\t\t<div class=\"pxl-swiper-slider pxl-testimonial-carousel layout-1\">\n    <div class=\"pxl-swiper-slider-wrap pxl-carousel-inner relative\">\n        <div class=\"pxl-swiper-container overflow-hidden\" dir=\"ltr\" data-settings=\"{&quot;slide_direction&quot;:&quot;horizontal&quot;,&quot;slide_percolumn&quot;:1,&quot;slide_mode&quot;:&quot;slide&quot;,&quot;slides_to_show_xxl&quot;:1,&quot;slides_to_show&quot;:1,&quot;slides_to_show_lg&quot;:1,&quot;slides_to_show_md&quot;:1,&quot;slides_to_show_sm&quot;:1,&quot;slides_to_show_xs&quot;:1,&quot;slides_to_scroll&quot;:1,&quot;slides_gutter&quot;:30,&quot;arrow&quot;:true,&quot;dots&quot;:true,&quot;dots_style&quot;:&quot;bullets&quot;,&quot;autoplay&quot;:false,&quot;pause_on_hover&quot;:false,&quot;pause_on_interaction&quot;:true,&quot;delay&quot;:5000,&quot;loop&quot;:0,&quot;speed&quot;:400}\">\n            <div class=\"pxl-swiper-wrapper swiper-wrapper\">\n                                    <div class=\"pxl-swiper-slide swiper-slide\">\n                        <div class=\"item-inner relative text-center\">\n                                                                                        <div class=\"item-quote-icon\">\u201c<\/div>\n                                                        <div class=\"item-desc\">Absolument d\u00e9licieux. L\u00e9gumes originaux cuits \u00e0 la perfection. Bel \u00e9quilibre. L\u2019endroit est \u00e9galement agr\u00e9able<br \/>\n(Absolutely delicious. Original vegetables cooked to perfection. Nice balance. The place is also nice)<\/div>\n                            <div class=\"pxl-divider\"><\/div>\n                            <div class=\"item-wrap row gx-20 justify-content-center\">\n                                                                <div class=\"item-info col-auto\">\n                                                                            <h4 class=\"item-title\">Philip Aguirre, 14\/04\/2022<\/h4>\n                                                                                                                                            <\/div>\n                            <\/div>\n                        <\/div>\n                    <\/div>\n                            <\/div>\n        <\/div>\n            <div class=\"pxl-swiper-arrows style-1\">\n        <div class=\"pxl-swiper-arrow pxl-swiper-arrow-prev default\">\n            <span class=\"pxl-icon pxli pxli-arrow-prev\"><\/span>        <\/div>\n        <div class=\"pxl-swiper-arrow pxl-swiper-arrow-next default\">\n            <span class=\"pxl-icon pxli pxli-arrow-next\"><\/span>        <\/div>\n    <\/div>\n            <div class=\"pxl-swiper-dots style-df\"><\/div>\n    <\/div>\n<\/div>\n\t\t\t\t<\/div>\n\t\t\t\t<\/div>\n\t\t\t\t<div class=\"elementor-element elementor-element-ac6eebc pxl-testimonial-carousel-layout-1 elementor-widget elementor-widget-pxl_testimonial_carousel\" data-id=\"ac6eebc\" data-element_type=\"widget\" data-widget_type=\"pxl_testimonial_carousel.default\">\n\t\t\t\t<div class=\"elementor-widget-container\">\n\t\t\t\t\t<div class=\"pxl-swiper-slider pxl-testimonial-carousel layout-1\">\n    <div class=\"pxl-swiper-slider-wrap pxl-carousel-inner relative\">\n        <div class=\"pxl-swiper-container overflow-hidden\" dir=\"ltr\" data-settings=\"{&quot;slide_direction&quot;:&quot;horizontal&quot;,&quot;slide_percolumn&quot;:1,&quot;slide_mode&quot;:&quot;slide&quot;,&quot;slides_to_show_xxl&quot;:1,&quot;slides_to_show&quot;:1,&quot;slides_to_show_lg&quot;:1,&quot;slides_to_show_md&quot;:1,&quot;slides_to_show_sm&quot;:1,&quot;slides_to_show_xs&quot;:1,&quot;slides_to_scroll&quot;:1,&quot;slides_gutter&quot;:30,&quot;arrow&quot;:true,&quot;dots&quot;:true,&quot;dots_style&quot;:&quot;bullets&quot;,&quot;autoplay&quot;:false,&quot;pause_on_hover&quot;:false,&quot;pause_on_interaction&quot;:true,&quot;delay&quot;:5000,&quot;loop&quot;:0,&quot;speed&quot;:400}\">\n            <div class=\"pxl-swiper-wrapper swiper-wrapper\">\n                                    <div class=\"pxl-swiper-slide swiper-slide\">\n                        <div class=\"item-inner relative text-center\">\n                                                                                        <div class=\"item-quote-icon\">\u201c<\/div>\n                                                        <div class=\"item-desc\">The concept is so amazing, offering creative veggie versions of traditional Vietnamese foods (different regional recipes), yet the taste is still there. Ordered noodles and desserts and indulge in all of them. The garden in the middle is so sophisticatedly arranged. with all the wooden and bamboo-ish decors. Feels like I was back at my Grandma\u2019s home. It\u2019s a shared space with Spice Bistro for those who crave the non-meatless choices<\/div>\n                            <div class=\"pxl-divider\"><\/div>\n                            <div class=\"item-wrap row gx-20 justify-content-center\">\n                                                                <div class=\"item-info col-auto\">\n                                                                            <h4 class=\"item-title\">Ha Viet, 06\/03\/2022<\/h4>\n                                                                                                                                            <\/div>\n                            <\/div>\n                        <\/div>\n                    <\/div>\n                            <\/div>\n        <\/div>\n            <div class=\"pxl-swiper-arrows style-2\">\n        <div class=\"pxl-swiper-arrow pxl-swiper-arrow-prev center-vertical\">\n            <span class=\"pxl-icon pxli pxli-arrow-prev\"><\/span>        <\/div>\n        <div class=\"pxl-swiper-arrow pxl-swiper-arrow-next default\">\n            <span class=\"pxl-icon pxli pxli-arrow-next\"><\/span>        <\/div>\n    <\/div>\n            <div class=\"pxl-swiper-dots style-df\"><\/div>\n    <\/div>\n<\/div>\n\t\t\t\t<\/div>\n\t\t\t\t<\/div>\n\t\t\t\t<div class=\"elementor-element elementor-element-a2dca03 pxl-testimonial-carousel-layout-1 elementor-widget elementor-widget-pxl_testimonial_carousel\" data-id=\"a2dca03\" data-element_type=\"widget\" data-widget_type=\"pxl_testimonial_carousel.default\">\n\t\t\t\t<div class=\"elementor-widget-container\">\n\t\t\t\t\t<div class=\"pxl-swiper-slider pxl-testimonial-carousel layout-1\">\n    <div class=\"pxl-swiper-slider-wrap pxl-carousel-inner relative\">\n        <div class=\"pxl-swiper-container overflow-hidden\" dir=\"ltr\" data-settings=\"{&quot;slide_direction&quot;:&quot;horizontal&quot;,&quot;slide_percolumn&quot;:1,&quot;slide_mode&quot;:&quot;slide&quot;,&quot;slides_to_show_xxl&quot;:1,&quot;slides_to_show&quot;:1,&quot;slides_to_show_lg&quot;:1,&quot;slides_to_show_md&quot;:1,&quot;slides_to_show_sm&quot;:1,&quot;slides_to_show_xs&quot;:1,&quot;slides_to_scroll&quot;:1,&quot;slides_gutter&quot;:30,&quot;arrow&quot;:true,&quot;dots&quot;:true,&quot;dots_style&quot;:&quot;bullets&quot;,&quot;autoplay&quot;:false,&quot;pause_on_hover&quot;:false,&quot;pause_on_interaction&quot;:true,&quot;delay&quot;:5000,&quot;loop&quot;:0,&quot;speed&quot;:400}\">\n            <div class=\"pxl-swiper-wrapper swiper-wrapper\">\n                                    <div class=\"pxl-swiper-slide swiper-slide\">\n                        <div class=\"item-inner relative text-center\">\n                                                                                        <div class=\"item-quote-icon\">\u201c<\/div>\n                                                        <div class=\"item-desc\">Came here on a personal recommendation and ate here all three nights of our stay in the city.<br \/>\nService excellent and just the best selection of vegetarian and vegan options to choose from.<br \/>\nThe quality of the produce and cooking outstanding. Smoothies and juices are fantastic. Tremendous value for money<\/div>\n                            <div class=\"pxl-divider\"><\/div>\n                            <div class=\"item-wrap row gx-20 justify-content-center\">\n                                                                <div class=\"item-info col-auto\">\n                                                                            <h4 class=\"item-title\">Chrisvmb, 08\/02\/2022<\/h4>\n                                                                                                                                            <\/div>\n                            <\/div>\n                        <\/div>\n                    <\/div>\n                            <\/div>\n        <\/div>\n            <div class=\"pxl-swiper-arrows style-1\">\n        <div class=\"pxl-swiper-arrow pxl-swiper-arrow-prev default\">\n            <span class=\"pxl-icon pxli pxli-arrow-prev\"><\/span>        <\/div>\n        <div class=\"pxl-swiper-arrow pxl-swiper-arrow-next default\">\n            <span class=\"pxl-icon pxli pxli-arrow-next\"><\/span>        <\/div>\n    <\/div>\n            <div class=\"pxl-swiper-dots style-df\"><\/div>\n    <\/div>\n<\/div>\n\t\t\t\t<\/div>\n\t\t\t\t<\/div>\n\t\t\t\t<div class=\"elementor-element elementor-element-f920554 pxl-testimonial-carousel-layout-1 elementor-widget elementor-widget-pxl_testimonial_carousel\" data-id=\"f920554\" data-element_type=\"widget\" data-widget_type=\"pxl_testimonial_carousel.default\">\n\t\t\t\t<div class=\"elementor-widget-container\">\n\t\t\t\t\t<div class=\"pxl-swiper-slider pxl-testimonial-carousel layout-1\">\n    <div class=\"pxl-swiper-slider-wrap pxl-carousel-inner relative\">\n        <div class=\"pxl-swiper-container overflow-hidden\" dir=\"ltr\" data-settings=\"{&quot;slide_direction&quot;:&quot;horizontal&quot;,&quot;slide_percolumn&quot;:1,&quot;slide_mode&quot;:&quot;slide&quot;,&quot;slides_to_show_xxl&quot;:1,&quot;slides_to_show&quot;:1,&quot;slides_to_show_lg&quot;:1,&quot;slides_to_show_md&quot;:1,&quot;slides_to_show_sm&quot;:1,&quot;slides_to_show_xs&quot;:1,&quot;slides_to_scroll&quot;:1,&quot;slides_gutter&quot;:30,&quot;arrow&quot;:true,&quot;dots&quot;:true,&quot;dots_style&quot;:&quot;bullets&quot;,&quot;autoplay&quot;:false,&quot;pause_on_hover&quot;:false,&quot;pause_on_interaction&quot;:true,&quot;delay&quot;:5000,&quot;loop&quot;:0,&quot;speed&quot;:400}\">\n            <div class=\"pxl-swiper-wrapper swiper-wrapper\">\n                                    <div class=\"pxl-swiper-slide swiper-slide\">\n                        <div class=\"item-inner relative text-center\">\n                                                                                        <div class=\"item-quote-icon\">\u201c<\/div>\n                                                        <div class=\"item-desc\">Valet parking, great staff, neat grounds, and the location is tucked back inside TREES! Did you know there are groupings of trees in the Salt Lake Valley? It\u2019s all very pretty. If you\u2019re looking for a warm, cozy, yet fancy night out, give it a try. I think you\u2019re gonna like it<\/div>\n                            <div class=\"pxl-divider\"><\/div>\n                            <div class=\"item-wrap row gx-20 justify-content-center\">\n                                                                <div class=\"item-info col-auto\">\n                                                                            <h4 class=\"item-title\">MrMarclar, 01\/09\/2021<\/h4>\n                                                                                                                                            <\/div>\n                            <\/div>\n                        <\/div>\n                    <\/div>\n                            <\/div>\n        <\/div>\n            <div class=\"pxl-swiper-arrows style-1\">\n        <div class=\"pxl-swiper-arrow pxl-swiper-arrow-prev default\">\n            <span class=\"pxl-icon pxli pxli-arrow-prev\"><\/span>        <\/div>\n        <div class=\"pxl-swiper-arrow pxl-swiper-arrow-next default\">\n            <span class=\"pxl-icon pxli pxli-arrow-next\"><\/span>        <\/div>\n    <\/div>\n            <div class=\"pxl-swiper-dots style-df\"><\/div>\n    <\/div>\n<\/div>\n\t\t\t\t<\/div>\n\t\t\t\t<\/div>\n\t\t                    <\/div>\r\n        <\/div>\r\n        \t\t\t<\/div>\n\t\t<\/section>\n\t\t        <section class=\"elementor-section elementor-top-section elementor-element elementor-element-75ae0cc elementor-section-boxed elementor-section-height-default elementor-section-height-default pxl-section-static-pos-no pxl-section-overflow-hidden-no\" data-id=\"75ae0cc\" data-element_type=\"section\" data-settings=\"{&quot;background_background&quot;:&quot;classic&quot;}\">\n\n                            <div class=\"elementor-background-overlay\"><\/div>\n            \n                <div class=\"elementor-container elementor-column-gap-default\">\n                <div class=\"elementor-column elementor-col-100 elementor-top-column elementor-element elementor-element-d111166 pxl-column-element-default pxl-column-fullwidth-no\" data-id=\"d111166\" data-element_type=\"column\">\r\n        <div class=\"elementor-widget-wrap elementor-element-populated\">\r\n                    \t\t<div class=\"elementor-element elementor-element-94bbbd4 pxl-heading-align-center pxl-heading-layout-1 elementor-widget elementor-widget-pxl_heading\" data-id=\"94bbbd4\" data-element_type=\"widget\" data-widget_type=\"pxl_heading.default\">\n\t\t\t\t<div class=\"elementor-widget-container\">\n\t\t\t\t\t<div class=\"pxl-heading-wrap d-flex layout1\">\n    <div class=\"pxl-heading-inner\">\n                            <div class=\"heading-subtitle highlighted style-1\">\n                <span class=\"subtitle-text\">your special moment<\/span>\n            <\/div>\n                <h2 class=\"heading-title pxl-split-text split-in-up\">\n                        book a table now today!                    <\/h2>\n                    <div class=\"heading-description\">\n                <span>Book a table online and dine at basilico restaurant to enjoy the special flavors, cozy space with your family and loved ones! <\/span>\n            <\/div>\n            <\/div>\n<\/div>\t\t\t\t<\/div>\n\t\t\t\t<\/div>\n\t\t\t\t<div class=\"elementor-element elementor-element-4638346 elementor-align-center elementor-widget elementor-widget-pxl_button\" data-id=\"4638346\" data-element_type=\"widget\" data-widget_type=\"pxl_button.default\">\n\t\t\t\t<div class=\"elementor-widget-container\">\n\t\t\t\t\t<div id=\"pxl_button-4638346-1462\" class=\"pxl-button-wrapper d-flex pxl-button-layout1\">\n    <a href=\"https:\/\/restaurant.aerostar.ro\/en\/book-table\/\" class=\"btn btn-white icon-ps-right\">\n                <span class=\"pxl-button-text\" data-text=\"book a table\">book a table<\/span>\n            <\/a>\n<\/div>\t\t\t\t<\/div>\n\t\t\t\t<\/div>\n\t\t                    <\/div>\r\n        <\/div>\r\n        \t\t\t<\/div>\n\t\t<\/section>\n\t\t\t\t<\/div>","protected":false},"excerpt":{"rendered":"<p>WHY OUR CUSTOMERS LOVE US Nullam rutrum purus sed est pulvinar, eu finibus nunc efficitur. Aenean dictum ante sit amet ante accumsan placerat. Fusce a sapien urna. Phasellus ullamcorper ornare libero, in porta mauris sodales suscipit. Ut sit amet magna ut eros dignissim suscipit sit amet eu dolor. Sed eu sem eu ipsum sodales mattis. [&hellip;]<\/p>","protected":false},"author":1,"featured_media":0,"parent":0,"menu_order":0,"comment_status":"closed","ping_status":"closed","template":"","meta":{"footnotes":""},"class_list":["post-583","page","type-page","status-publish","hentry"],"_links":{"self":[{"href":"https:\/\/restaurant.aerostar.ro\/en\/wp-json\/wp\/v2\/pages\/583","targetHints":{"allow":["GET"]}}],"collection":[{"href":"https:\/\/restaurant.aerostar.ro\/en\/wp-json\/wp\/v2\/pages"}],"about":[{"href":"https:\/\/restaurant.aerostar.ro\/en\/wp-json\/wp\/v2\/types\/page"}],"author":[{"embeddable":true,"href":"https:\/\/restaurant.aerostar.ro\/en\/wp-json\/wp\/v2\/users\/1"}],"replies":[{"embeddable":true,"href":"https:\/\/restaurant.aerostar.ro\/en\/wp-json\/wp\/v2\/comments?post=583"}],"version-history":[{"count":0,"href":"https:\/\/restaurant.aerostar.ro\/en\/wp-json\/wp\/v2\/pages\/583\/revisions"}],"wp:attachment":[{"href":"https:\/\/restaurant.aerostar.ro\/en\/wp-json\/wp\/v2\/media?parent=583"}],"curies":[{"name":"wp","href":"https:\/\/api.w.org\/{rel}","templated":true}]}}